{"id":160,"date":"2021-10-19T17:03:52","date_gmt":"2021-10-19T17:03:52","guid":{"rendered":"https:\/\/listinghive.hivepress.io\/?page_id=8"},"modified":"2025-11-01T20:59:00","modified_gmt":"2025-11-01T23:59:00","slug":"home","status":"publish","type":"page","link":"https:\/\/vyopropiedades.com\/home\/","title":{"rendered":"Inicio"},"content":{"rendered":"\n<h1 class=\"wp-block-heading has-text-align-center\">V&amp;O PROPIEDADES<\/h1>\n\n\n\n<p class=\"has-text-align-center has-medium-font-size\">Agentes Inmobiliarios especializados en venta y arriendo de propiedades<\/p>\n\n\n\n<hr class=\"wp-block-separator has-text-color has-luminous-vivid-amber-color has-alpha-channel-opacity has-luminous-vivid-amber-background-color has-background is-style-default\"\/>\n\n\n\n<h2 class=\"wp-block-heading has-text-align-center\">Encuentra tu pr\u00f3ximo hogar<\/h2>\n\n\n\n<p class=\"has-text-align-center has-medium-font-size\">D\u00f3nde tus sue\u00f1os toman forma<\/p>\n\n\n\n<!--more-->\n<!--noteaser-->\n\n\n <form class=\"hp-form--wide hp-form--primary hp-block hp-form hp-form--listing-search\" action=\"https:\/\/vyopropiedades.com\/home\" method=\"GET\" data-component=\"form\"><div class=\"hp-form__messages\" data-component=\"messages\"><\/div><div class=\"hp-form__fields\"><input type=\"hidden\" name=\"post_type\" value=\"hp_listing\" class=\"hp-field hp-field--hidden\"><input type=\"hidden\" name=\"latitude\" value=\"\" data-coordinate=\"lat\" class=\"hp-field hp-field--hidden\"><input type=\"hidden\" name=\"longitude\" value=\"\" data-coordinate=\"lng\" class=\"hp-field hp-field--hidden\"><input type=\"hidden\" name=\"_region\" value=\"\" data-region=\"data-region\" class=\"hp-field hp-field--hidden\"><select name=\"_category\" class=\"hp-field hp-field--hidden\"><option value=\"\">Todas las categor\u00edas<\/option><option value=\"36\">Casas<\/option><option value=\"37\">Departamentos<\/option><option value=\"49\">Local Comercial<\/option><option value=\"43\">Oficinas<\/option><option value=\"39\">Parcelas<\/option><\/select><div class=\"hp-form__field hp-form__field--search\"><input type=\"search\" name=\"s\" value=\"\" placeholder=\"Palabras clave\" maxlength=\"256\" class=\"hp-field hp-field--search\"><\/div><div class=\"hp-form__field hp-form__field--location\"><div data-format=\"\" data-scatter=\"true\" data-countries=\"[&quot;CL&quot;]\" data-region-types=\"[&quot;locality&quot;,&quot;administrative_area_level_2&quot;,&quot;administrative_area_level_1&quot;,&quot;country&quot;]\" data-component=\"location\" class=\"hp-field hp-field--location\"><input type=\"text\" name=\"location\" value=\"\" autocomplete=\"off\" placeholder=\"Ubicaci\u00f3n\" maxlength=\"256\" class=\"hp-field hp-field--text\"><a href=\"#\" title=\"Local\u00edzame\"><i class=\"hp-icon fas fa-location-arrow\"><\/i><\/a><\/div><\/div><\/div><div class=\"hp-form__footer\"><button type=\"submit\" class=\"hp-form__button button-primary alt button hp-field hp-field--submit\"><span>Buscar<\/span><\/button><\/div><\/form>\n\n\n<div style=\"height:1px\" aria-hidden=\"true\" class=\"wp-block-spacer\"><\/div>\n\n\n\n<h2 class=\"wp-block-heading has-text-align-center content-title\">Tipo de Propiedad<\/h2>\n\n\n <div class=\"hp-listing-categories hp-grid hp-block\"><div class=\"hp-row\"><div class=\"hp-grid__item hp-col-sm-4 hp-col-xs-12\"><article class=\"hp-listing-category hp-listing-category--view-block\"><header class=\"hp-listing-category__header\"><div class=\"hp-listing-category__image\">\n\t<a href=\"https:\/\/vyopropiedades.com\/home\/listing-category\/departamento\/\">\n\t\t\t\t\t<img decoding=\"async\" src=\"https:\/\/vyopropiedades.com\/wp-content\/uploads\/2025\/10\/departamentos-400x533.webp\" alt=\"Departamentos\" loading=\"lazy\">\n\t\t\t<\/a>\n<\/div>\n<div class=\"hp-listing-category__item-count hp-listing-category__count\">15 anuncios<\/div>\n<\/header><div class=\"hp-listing-category__content\"><h3 class=\"hp-listing-category__name\"><a href=\"https:\/\/vyopropiedades.com\/home\/listing-category\/departamento\/\">Departamentos<\/a>\n<\/h3><div class=\"hp-listing-category__details hp-listing-category__details--primary\"><\/div><\/div><\/article><\/div><div class=\"hp-grid__item hp-col-sm-4 hp-col-xs-12\"><article class=\"hp-listing-category hp-listing-category--view-block\"><header class=\"hp-listing-category__header\"><div class=\"hp-listing-category__image\">\n\t<a href=\"https:\/\/vyopropiedades.com\/home\/listing-category\/casa\/\">\n\t\t\t\t\t<img decoding=\"async\" src=\"https:\/\/vyopropiedades.com\/wp-content\/uploads\/2025\/10\/casas-400x533.webp\" alt=\"Casas\" loading=\"lazy\">\n\t\t\t<\/a>\n<\/div>\n<div class=\"hp-listing-category__item-count hp-listing-category__count\">5 anuncios<\/div>\n<\/header><div class=\"hp-listing-category__content\"><h3 class=\"hp-listing-category__name\"><a href=\"https:\/\/vyopropiedades.com\/home\/listing-category\/casa\/\">Casas<\/a>\n<\/h3><div class=\"hp-listing-category__details hp-listing-category__details--primary\"><\/div><\/div><\/article><\/div><div class=\"hp-grid__item hp-col-sm-4 hp-col-xs-12\"><article class=\"hp-listing-category hp-listing-category--view-block\"><header class=\"hp-listing-category__header\"><div class=\"hp-listing-category__image\">\n\t<a href=\"https:\/\/vyopropiedades.com\/home\/listing-category\/parcela\/\">\n\t\t\t\t\t<img decoding=\"async\" src=\"https:\/\/vyopropiedades.com\/wp-content\/uploads\/2025\/10\/parcela-400x533.jpg\" alt=\"Parcelas\" loading=\"lazy\">\n\t\t\t<\/a>\n<\/div>\n<div class=\"hp-listing-category__item-count hp-listing-category__count\">2 anuncios<\/div>\n<\/header><div class=\"hp-listing-category__content\"><h3 class=\"hp-listing-category__name\"><a href=\"https:\/\/vyopropiedades.com\/home\/listing-category\/parcela\/\">Parcelas<\/a>\n<\/h3><div class=\"hp-listing-category__details hp-listing-category__details--primary\"><\/div><\/div><\/article><\/div><div class=\"hp-grid__item hp-col-sm-4 hp-col-xs-12\"><article class=\"hp-listing-category hp-listing-category--view-block\"><header class=\"hp-listing-category__header\"><div class=\"hp-listing-category__image\">\n\t<a href=\"https:\/\/vyopropiedades.com\/home\/listing-category\/oficina\/\">\n\t\t\t\t\t<img decoding=\"async\" src=\"https:\/\/vyopropiedades.com\/wp-content\/uploads\/2025\/10\/oficina-400x533.avif\" alt=\"Oficinas\" loading=\"lazy\">\n\t\t\t<\/a>\n<\/div>\n<div class=\"hp-listing-category__item-count hp-listing-category__count\">2 anuncios<\/div>\n<\/header><div class=\"hp-listing-category__content\"><h3 class=\"hp-listing-category__name\"><a href=\"https:\/\/vyopropiedades.com\/home\/listing-category\/oficina\/\">Oficinas<\/a>\n<\/h3><div class=\"hp-listing-category__details hp-listing-category__details--primary\"><\/div><\/div><\/article><\/div><div class=\"hp-grid__item hp-col-sm-4 hp-col-xs-12\"><article class=\"hp-listing-category hp-listing-category--view-block\"><header class=\"hp-listing-category__header\"><div class=\"hp-listing-category__image\">\n\t<a href=\"https:\/\/vyopropiedades.com\/home\/listing-category\/local-comercial\/\">\n\t\t\t\t\t<img decoding=\"async\" src=\"https:\/\/vyopropiedades.com\/wp-content\/uploads\/2025\/10\/local-comercial-400x533.jpg\" alt=\"Local Comercial\" loading=\"lazy\">\n\t\t\t<\/a>\n<\/div>\n<div class=\"hp-listing-category__item-count hp-listing-category__count\">1 anuncio<\/div>\n<\/header><div class=\"hp-listing-category__content\"><h3 class=\"hp-listing-category__name\"><a href=\"https:\/\/vyopropiedades.com\/home\/listing-category\/local-comercial\/\">Local Comercial<\/a>\n<\/h3><div class=\"hp-listing-category__details hp-listing-category__details--primary\"><\/div><\/div><\/article><\/div><\/div><\/div>\n\n\n<h2 class=\"wp-block-heading has-text-align-center content-title\">Propiedades Recientes<\/h2>\n\n\n <div class=\"hp-listings hp-block hp-grid\"><div class=\"hp-row\"><div class=\"hp-grid__item hp-col-sm-4 hp-col-xs-12\"><article class=\"hp-listing hp-listing--view-block hp-listing--featured hp-listing--verified\"><header class=\"hp-listing__header\">\t<div class=\"hp-listing__featured-badge hp-listing__featured\" title=\"Destacado\">\n\t\t<i class=\"hp-icon fas fa-star\"><\/i>\n\t<\/div>\n\t<div class=\"hp-listing__image\" data-component=\"carousel-slider\" data-preview=\"false\" data-aspect-ratio=\"\" data-url=\"https:\/\/vyopropiedades.com\/home\/listing\/departamento-2d-2b-con-jardin-privado-c-2-estacionamientos\/\">\n\t\t\t<a href=\"https:\/\/vyopropiedades.com\/home\/listing\/departamento-2d-2b-con-jardin-privado-c-2-estacionamientos\/\">\n\t\t\t\t\t\t\t<img decoding=\"async\" src=\"https:\/\/vyopropiedades.com\/wp-content\/uploads\/2026\/04\/20260216_190907-400x300.jpg\" alt=\"Departamento 2D\/2B con Jard\u00edn Privado c\/ 2 Estacionamientos\" loading=\"lazy\">\n\t\t\t\t\t<\/a>\n\t<\/div>\n<\/header><div class=\"hp-listing__content\">\t<div class=\"hp-listing__categories hp-listing__category\">\n\t\t\t\t\t<a href=\"https:\/\/vyopropiedades.com\/home\/listing-category\/departamento\/\">Departamentos<\/a>\n\t\t\t<\/div>\n\t<h4 class=\"hp-listing__title\"><a href=\"https:\/\/vyopropiedades.com\/home\/listing\/departamento-2d-2b-con-jardin-privado-c-2-estacionamientos\/\">Departamento 2D\/2B con Jard\u00edn Privado c\/ 2 Estacionamientos<\/a>\n\t<i class=\"hp-listing__verified-badge hp-listing__verified hp-icon fas fa-check-circle\" title=\"Verificado\"><\/i>\n\t<\/h4><div class=\"hp-listing__details hp-listing__details--primary\">\t<div class=\"hp-listing__location\">\n\t\t<i class=\"hp-icon fas fa-map-marker-alt\"><\/i>\n\t\t\t\t\t<span>Santa Julia<\/span>\n\t\t\t<\/div>\n\t<time class=\"hp-listing__created-date hp-listing__date hp-meta\" datetime=\"2026-04-03 19:58:19\">\n\tA\u00f1adido el abril 3, 2026<\/time>\n<\/div><div class=\"hp-block hp-listing__attributes hp-listing__attributes--secondary\"><div class=\"hp-row\"><div class=\"hp-col-lg-6 hp-col-xs-12\"><div class=\"hp-listing__attribute hp-listing__attribute--gastos-comunes\">Gastos Comunes: $180.000<\/div><\/div><div class=\"hp-col-lg-6 hp-col-xs-12\"><div class=\"hp-listing__attribute hp-listing__attribute--tipo-operacion\">VENTA<\/div><\/div><div class=\"hp-col-lg-6 hp-col-xs-12\"><div class=\"hp-listing__attribute hp-listing__attribute--ubicacion\">Comuna: \u00d1U\u00d1OA<\/div><\/div><\/div><\/div><div class=\"hp-block hp-listing__attributes hp-listing__attributes--ternary\"><div class=\"hp-listing__attribute hp-listing__attribute--dormitorios\">Dormitorios: 2<\/div><div class=\"hp-listing__attribute hp-listing__attribute--banos\">Ba\u00f1os: 2<\/div><div class=\"hp-listing__attribute hp-listing__attribute--metros-construidos\">Metros Constru\u00eddos: 66 mt2<\/div><div class=\"hp-listing__attribute hp-listing__attribute--estacionamiento\">Estacionamiento: 2<\/div><div class=\"hp-listing__attribute hp-listing__attribute--metros-de-terraza\">Metros de Terraza: 27 mt2<\/div><div class=\"hp-listing__attribute hp-listing__attribute--bodega\">Bodega: 1<\/div><div class=\"hp-listing__attribute hp-listing__attribute--ano-de-construccion\">A\u00f1o de construcci\u00f3n: 2.018<\/div><\/div><\/div><footer class=\"hp-listing__footer\"><div class=\"hp-block hp-listing__attributes hp-listing__attributes--primary\"><div class=\"hp-listing__attribute hp-listing__attribute--precio\">Valor: 7.000 UF<\/div><\/div><div class=\"hp-listing__actions hp-listing__actions--primary\"><\/div><\/footer><\/article><\/div><div class=\"hp-grid__item hp-col-sm-4 hp-col-xs-12\"><article class=\"hp-listing hp-listing--view-block hp-listing--featured hp-listing--verified\"><header class=\"hp-listing__header\">\t<div class=\"hp-listing__featured-badge hp-listing__featured\" title=\"Destacado\">\n\t\t<i class=\"hp-icon fas fa-star\"><\/i>\n\t<\/div>\n\t<div class=\"hp-listing__image\" data-component=\"carousel-slider\" data-preview=\"false\" data-aspect-ratio=\"\" data-url=\"https:\/\/vyopropiedades.com\/home\/listing\/amplio-depto-gran-conectividad-y-linda-vista-estacionamiento-y-bodega\/\">\n\t\t\t<a href=\"https:\/\/vyopropiedades.com\/home\/listing\/amplio-depto-gran-conectividad-y-linda-vista-estacionamiento-y-bodega\/\">\n\t\t\t\t\t\t\t<img decoding=\"async\" src=\"https:\/\/vyopropiedades.com\/wp-content\/uploads\/2026\/04\/20260316_161737-400x300.jpg\" alt=\"Amplio Depto\/ Gran Conectividad y linda vista\/ Estacionamiento y bodega\" loading=\"lazy\">\n\t\t\t\t\t<\/a>\n\t<\/div>\n<\/header><div class=\"hp-listing__content\">\t<div class=\"hp-listing__categories hp-listing__category\">\n\t\t\t\t\t<a href=\"https:\/\/vyopropiedades.com\/home\/listing-category\/departamento\/\">Departamentos<\/a>\n\t\t\t<\/div>\n\t<h4 class=\"hp-listing__title\"><a href=\"https:\/\/vyopropiedades.com\/home\/listing\/amplio-depto-gran-conectividad-y-linda-vista-estacionamiento-y-bodega\/\">Amplio Depto\/ Gran Conectividad y linda vista\/ Estacionamiento y bodega<\/a>\n\t<i class=\"hp-listing__verified-badge hp-listing__verified hp-icon fas fa-check-circle\" title=\"Verificado\"><\/i>\n\t<\/h4><div class=\"hp-listing__details hp-listing__details--primary\">\t<div class=\"hp-listing__location\">\n\t\t<i class=\"hp-icon fas fa-map-marker-alt\"><\/i>\n\t\t\t\t\t<span>Vicente Valdes<\/span>\n\t\t\t<\/div>\n\t<time class=\"hp-listing__created-date hp-listing__date hp-meta\" datetime=\"2026-04-03 19:48:33\">\n\tA\u00f1adido el abril 3, 2026<\/time>\n<\/div><div class=\"hp-block hp-listing__attributes hp-listing__attributes--secondary\"><div class=\"hp-row\"><div class=\"hp-col-lg-6 hp-col-xs-12\"><div class=\"hp-listing__attribute hp-listing__attribute--gastos-comunes\">Gastos Comunes: $200.000<\/div><\/div><div class=\"hp-col-lg-6 hp-col-xs-12\"><div class=\"hp-listing__attribute hp-listing__attribute--tipo-operacion\">VENTA<\/div><\/div><div class=\"hp-col-lg-6 hp-col-xs-12\"><div class=\"hp-listing__attribute hp-listing__attribute--ubicacion\">Comuna: LA FLORIDA<\/div><\/div><\/div><\/div><div class=\"hp-block hp-listing__attributes hp-listing__attributes--ternary\"><div class=\"hp-listing__attribute hp-listing__attribute--dormitorios\">Dormitorios: 4<\/div><div class=\"hp-listing__attribute hp-listing__attribute--banos\">Ba\u00f1os: 2<\/div><div class=\"hp-listing__attribute hp-listing__attribute--metros-construidos\">Metros Constru\u00eddos: 78 mt2<\/div><div class=\"hp-listing__attribute hp-listing__attribute--estacionamiento\">Estacionamiento: 1<\/div><div class=\"hp-listing__attribute hp-listing__attribute--metros-de-terraza\">Metros de Terraza: 6 mt2<\/div><div class=\"hp-listing__attribute hp-listing__attribute--bodega\">Bodega: 1<\/div><div class=\"hp-listing__attribute hp-listing__attribute--ano-de-construccion\">A\u00f1o de construcci\u00f3n: 2.004<\/div><\/div><\/div><footer class=\"hp-listing__footer\"><div class=\"hp-block hp-listing__attributes hp-listing__attributes--primary\"><div class=\"hp-listing__attribute hp-listing__attribute--precio\">Valor: 4.500 UF<\/div><\/div><div class=\"hp-listing__actions hp-listing__actions--primary\"><\/div><\/footer><\/article><\/div><div class=\"hp-grid__item hp-col-sm-4 hp-col-xs-12\"><article class=\"hp-listing hp-listing--view-block hp-listing--featured hp-listing--verified\"><header class=\"hp-listing__header\">\t<div class=\"hp-listing__featured-badge hp-listing__featured\" title=\"Destacado\">\n\t\t<i class=\"hp-icon fas fa-star\"><\/i>\n\t<\/div>\n\t<div class=\"hp-listing__image\" data-component=\"carousel-slider\" data-preview=\"false\" data-aspect-ratio=\"\" data-url=\"https:\/\/vyopropiedades.com\/home\/listing\/cozy-central-studio\/\">\n\t\t\t<a href=\"https:\/\/vyopropiedades.com\/home\/listing\/cozy-central-studio\/\">\n\t\t\t\t\t\t\t<img decoding=\"async\" src=\"https:\/\/vyopropiedades.com\/wp-content\/uploads\/2021\/11\/20230902_125046-400x300.jpg\" alt=\"Departamento 1D\/1B en venta\/ Ideal para inversi\u00f3n\" loading=\"lazy\">\n\t\t\t\t\t<\/a>\n\t<\/div>\n<\/header><div class=\"hp-listing__content\">\t<div class=\"hp-listing__categories hp-listing__category\">\n\t\t\t\t\t<a href=\"https:\/\/vyopropiedades.com\/home\/listing-category\/departamento\/\">Departamentos<\/a>\n\t\t\t<\/div>\n\t<h4 class=\"hp-listing__title\"><a href=\"https:\/\/vyopropiedades.com\/home\/listing\/cozy-central-studio\/\">Departamento 1D\/1B en venta\/ Ideal para inversi\u00f3n<\/a>\n\t<i class=\"hp-listing__verified-badge hp-listing__verified hp-icon fas fa-check-circle\" title=\"Verificado\"><\/i>\n\t<\/h4><div class=\"hp-listing__details hp-listing__details--primary\">\t<div class=\"hp-listing__location\">\n\t\t<i class=\"hp-icon fas fa-map-marker-alt\"><\/i>\n\t\t\t\t\t<span>Radal del Obispo Francisco Anabal\u00f3n Duarte, Santiago, Santiago, Regi\u00f3n Metropolitana, Chile<\/span>\n\t\t\t<\/div>\n\t<time class=\"hp-listing__created-date hp-listing__date hp-meta\" datetime=\"2026-03-03 15:01:07\">\n\tA\u00f1adido el marzo 3, 2026<\/time>\n<\/div><div class=\"hp-block hp-listing__attributes hp-listing__attributes--secondary\"><div class=\"hp-row\"><div class=\"hp-col-lg-6 hp-col-xs-12\"><div class=\"hp-listing__attribute hp-listing__attribute--gastos-comunes\">Gastos Comunes: $70.000<\/div><\/div><div class=\"hp-col-lg-6 hp-col-xs-12\"><div class=\"hp-listing__attribute hp-listing__attribute--tipo-operacion\">VENTA<\/div><\/div><div class=\"hp-col-lg-6 hp-col-xs-12\"><div class=\"hp-listing__attribute hp-listing__attribute--ubicacion\">Comuna: ESTACI\u00d3N CENTRAL<\/div><\/div><\/div><\/div><div class=\"hp-block hp-listing__attributes hp-listing__attributes--ternary\"><div class=\"hp-listing__attribute hp-listing__attribute--dormitorios\">Dormitorios: 1<\/div><div class=\"hp-listing__attribute hp-listing__attribute--banos\">Ba\u00f1os: 1<\/div><div class=\"hp-listing__attribute hp-listing__attribute--metros-construidos\">Metros Constru\u00eddos: 35 mt2<\/div><div class=\"hp-listing__attribute hp-listing__attribute--estacionamiento\">Estacionamiento: 0<\/div><div class=\"hp-listing__attribute hp-listing__attribute--metros-de-terraza\">Metros de Terraza: 2 mt2<\/div><div class=\"hp-listing__attribute hp-listing__attribute--bodega\">Bodega: 0<\/div><div class=\"hp-listing__attribute hp-listing__attribute--ano-de-construccion\">A\u00f1o de construcci\u00f3n: 2.018<\/div><\/div><\/div><footer class=\"hp-listing__footer\"><div class=\"hp-block hp-listing__attributes hp-listing__attributes--primary\"><div class=\"hp-listing__attribute hp-listing__attribute--precio\">Valor: 1.650 UF<\/div><\/div><div class=\"hp-listing__actions hp-listing__actions--primary\"><\/div><\/footer><\/article><\/div><\/div><\/div>\n\n\n<p><\/p>\n","protected":false},"excerpt":{"rendered":"<p>V&amp;O PROPIEDADES Agentes Inmobiliarios especializados en venta y arriendo de propiedades Encuentra tu pr\u00f3ximo hogar D\u00f3nde tus sue\u00f1os toman forma<\/p>\n","protected":false},"author":1,"featured_media":0,"parent":0,"menu_order":0,"comment_status":"closed","ping_status":"closed","template":"","meta":{"footnotes":""},"class_list":["post-160","page","type-page","status-publish","hentry"],"_links":{"self":[{"href":"https:\/\/vyopropiedades.com\/home\/wp-json\/wp\/v2\/pages\/160","targetHints":{"allow":["GET"]}}],"collection":[{"href":"https:\/\/vyopropiedades.com\/home\/wp-json\/wp\/v2\/pages"}],"about":[{"href":"https:\/\/vyopropiedades.com\/home\/wp-json\/wp\/v2\/types\/page"}],"author":[{"embeddable":true,"href":"https:\/\/vyopropiedades.com\/home\/wp-json\/wp\/v2\/users\/1"}],"replies":[{"embeddable":true,"href":"https:\/\/vyopropiedades.com\/home\/wp-json\/wp\/v2\/comments?post=160"}],"version-history":[{"count":17,"href":"https:\/\/vyopropiedades.com\/home\/wp-json\/wp\/v2\/pages\/160\/revisions"}],"predecessor-version":[{"id":472,"href":"https:\/\/vyopropiedades.com\/home\/wp-json\/wp\/v2\/pages\/160\/revisions\/472"}],"wp:attachment":[{"href":"https:\/\/vyopropiedades.com\/home\/wp-json\/wp\/v2\/media?parent=160"}],"curies":[{"name":"wp","href":"https:\/\/api.w.org\/{rel}","templated":true}]}}