{"id":223,"date":"2025-10-26T11:24:57","date_gmt":"2025-10-26T14:24:57","guid":{"rendered":"https:\/\/vyopropiedades.com\/home\/?page_id=223"},"modified":"2026-04-04T12:59:39","modified_gmt":"2026-04-04T15:59:39","slug":"contacto","status":"publish","type":"page","link":"https:\/\/vyopropiedades.com\/home\/contacto\/","title":{"rendered":"Contacto"},"content":{"rendered":"\n<div class=\"wp-block-group alignfull has-tertiary-background-color has-background\" style=\"margin-top:0;margin-bottom:0;padding-top:var(--wp--preset--spacing--60);padding-right:var(--wp--preset--spacing--30);padding-bottom:var(--wp--preset--spacing--60);padding-left:var(--wp--preset--spacing--30)\"><div class=\"wp-block-group__inner-container is-layout-constrained wp-container-core-group-is-layout-47a6ea52 wp-block-group-is-layout-constrained\">\n<div class=\"wp-block-media-text has-media-on-the-right is-stacked-on-mobile is-vertically-aligned-center is-image-fill-element\" style=\"padding-right:0;padding-left:0;font-size:17px;grid-template-columns:auto 46%\"><div class=\"wp-block-media-text__content\">\n<div class=\"wp-block-group is-content-justification-left\" style=\"padding-top:var(--wp--preset--spacing--30);padding-right:0;padding-bottom:var(--wp--preset--spacing--30);padding-left:0\"><div class=\"wp-block-group__inner-container is-layout-constrained wp-container-core-group-is-layout-9a0c8d9f wp-block-group-is-layout-constrained\">\n<h2 class=\"wp-block-heading has-text-align-center has-large-font-size\">Cont\u00e1ctanos y haz realidad tu proyecto inmobiliario.<\/h2>\n\n\n\n<p class=\"has-text-align-center\" style=\"margin-top:16px\">Estamos aqu\u00ed para resolver tus dudas y brindarte toda la informaci\u00f3n que necesitas sobre nuestras propiedades.<\/p>\n\n\n\n<ul style=\"line-height:2\" class=\"wp-block-list has-small-font-size\">\n<li>Asesor\u00eda personalizada<\/li>\n\n\n\n<li>Gesti\u00f3n r\u00e1pida y segura<\/li>\n\n\n\n<li>Atenci\u00f3n profesional y cercana<\/li>\n\n\n\n<li>Servicio post-venta confiable<\/li>\n<\/ul>\n\n\n\n<div class=\"wp-block-buttons is-content-justification-center is-layout-flex wp-container-core-buttons-is-layout-a0be7b9c wp-block-buttons-is-layout-flex\" style=\"margin-top:var(--wp--preset--spacing--40)\">\n<div class=\"wp-block-button\"><a class=\"wp-block-button__link wp-element-button\" href=\"https:\/\/vyopropiedades.com\/home\/nosotros\/\">Conoce m\u00e1s<\/a><\/div>\n<\/div>\n<\/div><\/div>\n<\/div><figure class=\"wp-block-media-text__media\"><img loading=\"lazy\" decoding=\"async\" width=\"683\" height=\"1024\" src=\"https:\/\/vyopropiedades.com\/wp-content\/uploads\/2025\/10\/a34b516f8391b70ef1c37165ce27eb04a2d898fd-683x1024.jpg\" alt=\"\" class=\"wp-image-233 size-large\" style=\"object-position:50% 50%\" srcset=\"https:\/\/vyopropiedades.com\/wp-content\/uploads\/2025\/10\/a34b516f8391b70ef1c37165ce27eb04a2d898fd-683x1024.jpg 683w, https:\/\/vyopropiedades.com\/wp-content\/uploads\/2025\/10\/a34b516f8391b70ef1c37165ce27eb04a2d898fd-200x300.jpg 200w, https:\/\/vyopropiedades.com\/wp-content\/uploads\/2025\/10\/a34b516f8391b70ef1c37165ce27eb04a2d898fd-768x1152.jpg 768w, https:\/\/vyopropiedades.com\/wp-content\/uploads\/2025\/10\/a34b516f8391b70ef1c37165ce27eb04a2d898fd.jpg 960w\" sizes=\"auto, (max-width: 683px) 100vw, 683px\" \/><\/figure><\/div>\n<\/div><\/div>\n\n\n\n<div class=\"wp-block-group alignwide has-background-background-color has-background\" style=\"margin-top:0;margin-bottom:0;padding-top:var(--wp--preset--spacing--60);padding-right:var(--wp--preset--spacing--30);padding-bottom:var(--wp--preset--spacing--60);padding-left:var(--wp--preset--spacing--30)\"><div class=\"wp-block-group__inner-container is-layout-constrained wp-container-core-group-is-layout-cad32e20 wp-block-group-is-layout-constrained\">\n<div class=\"wp-block-columns alignwide is-layout-flex wp-container-core-columns-is-layout-9d6595d7 wp-block-columns-is-layout-flex\">\n<div class=\"wp-block-column is-vertically-aligned-stretch has-tertiary-background-color has-background is-layout-flow wp-block-column-is-layout-flow\" style=\"padding-top:var(--wp--preset--spacing--40);padding-right:var(--wp--preset--spacing--40);padding-bottom:var(--wp--preset--spacing--40);padding-left:var(--wp--preset--spacing--40)\">\n<div class=\"wp-block-group is-vertical is-layout-flex wp-container-core-group-is-layout-d8e75a49 wp-block-group-is-layout-flex\" style=\"min-height:100%\">\n<p class=\"has-medium-font-size\" style=\"margin-bottom:var(--wp--preset--spacing--20);font-style:normal;font-weight:400\"><strong>Si no encontraste la propiedad que buscas en estos momentos, ponte en contacto con nosotros. Trabajamos con corredores asociados que pueden tener lo que andas buscando.<\/strong> <strong>\u00a1\u00a1Escr\u00edbenos<\/strong> <strong>y te ayudaremos!!<\/strong><\/p>\n\n\n\n<div class=\"wp-block-columns is-not-stacked-on-mobile is-layout-flex wp-container-core-columns-is-layout-79d3ab02 wp-block-columns-is-layout-flex\">\n<div class=\"wp-block-column is-layout-flow wp-block-column-is-layout-flow\" style=\"padding-top:2px;flex-basis:24px\">\n<figure class=\"wp-block-image size-full wp-duotone-varpresetduotoneprimary-foreground-1\"><a href=\"https:\/\/www.instagram.com\/vyopropiedades\/?next=%2F\"><img loading=\"lazy\" decoding=\"async\" width=\"493\" height=\"464\" src=\"https:\/\/vyopropiedades.com\/wp-content\/uploads\/2025\/10\/logo-instagram.jpg\" alt=\"\" class=\"wp-image-209\" srcset=\"https:\/\/vyopropiedades.com\/wp-content\/uploads\/2025\/10\/logo-instagram.jpg 493w, https:\/\/vyopropiedades.com\/wp-content\/uploads\/2025\/10\/logo-instagram-300x282.jpg 300w\" sizes=\"auto, (max-width: 493px) 100vw, 493px\" \/><\/a><\/figure>\n<\/div>\n\n\n\n<div class=\"wp-block-column is-layout-flow wp-block-column-is-layout-flow\">\n<p class=\"has-text-align-center has-medium-font-size\" style=\"font-style:normal;font-weight:500\">@vyopropiedades<\/p>\n<\/div>\n<\/div>\n\n\n\n<div class=\"wp-block-columns are-vertically-aligned-center is-not-stacked-on-mobile is-layout-flex wp-container-core-columns-is-layout-79d3ab02 wp-block-columns-is-layout-flex\">\n<div class=\"wp-block-column is-vertically-aligned-center is-layout-flow wp-block-column-is-layout-flow\" style=\"flex-basis:24px\"><div class=\"wp-block-image wp-duotone-varpresetduotoneprimary-foreground-2\">\n<figure class=\"aligncenter size-full\"><img loading=\"lazy\" decoding=\"async\" width=\"290\" height=\"287\" src=\"https:\/\/vyopropiedades.com\/wp-content\/uploads\/2025\/10\/Captura-de-pantalla-2025-10-26-111431.png\" alt=\"\" class=\"wp-image-219\"\/><\/figure>\n<\/div><\/div>\n\n\n\n<div class=\"wp-block-column is-vertically-aligned-center is-layout-flow wp-block-column-is-layout-flow\">\n<p class=\"has-medium-font-size\" style=\"font-style:normal;font-weight:500\">+56 9 33042945 \/ +56 9 29727292<\/p>\n<\/div>\n<\/div>\n\n\n\n<div class=\"wp-block-columns are-vertically-aligned-center is-not-stacked-on-mobile is-layout-flex wp-container-core-columns-is-layout-79d3ab02 wp-block-columns-is-layout-flex\">\n<div class=\"wp-block-column is-vertically-aligned-center is-layout-flow wp-block-column-is-layout-flow\" style=\"flex-basis:24px\"><div class=\"wp-block-image wp-duotone-varpresetduotoneprimary-foreground-3\">\n<figure class=\"aligncenter size-full\"><img loading=\"lazy\" decoding=\"async\" width=\"492\" height=\"375\" src=\"https:\/\/vyopropiedades.com\/wp-content\/uploads\/2025\/10\/mail.jpg\" alt=\"\" class=\"wp-image-214\" srcset=\"https:\/\/vyopropiedades.com\/wp-content\/uploads\/2025\/10\/mail.jpg 492w, https:\/\/vyopropiedades.com\/wp-content\/uploads\/2025\/10\/mail-300x229.jpg 300w\" sizes=\"auto, (max-width: 492px) 100vw, 492px\" \/><\/figure>\n<\/div><\/div>\n\n\n\n<div class=\"wp-block-column is-vertically-aligned-center is-layout-flow wp-block-column-is-layout-flow\">\n<p class=\"has-medium-font-size\" style=\"font-style:normal;font-weight:500\">contacto@vyopropiedades.com<\/p>\n<\/div>\n<\/div>\n<\/div>\n<\/div>\n\n\n\n<div class=\"wp-block-column is-layout-flow wp-block-column-is-layout-flow\">\n<figure class=\"wp-block-image\"><img loading=\"lazy\" decoding=\"async\" width=\"1440\" height=\"956\" src=\"https:\/\/vyopropiedades.com\/wp-content\/uploads\/2025\/10\/fa67eee84a236cd28922c243b247a4bdb757bcf9.jpg\" alt=\"\" class=\"wp-image-232\" style=\"aspect-ratio:4\/3;object-fit:cover\" srcset=\"https:\/\/vyopropiedades.com\/wp-content\/uploads\/2025\/10\/fa67eee84a236cd28922c243b247a4bdb757bcf9.jpg 1440w, https:\/\/vyopropiedades.com\/wp-content\/uploads\/2025\/10\/fa67eee84a236cd28922c243b247a4bdb757bcf9-300x199.jpg 300w, https:\/\/vyopropiedades.com\/wp-content\/uploads\/2025\/10\/fa67eee84a236cd28922c243b247a4bdb757bcf9-1024x680.jpg 1024w, https:\/\/vyopropiedades.com\/wp-content\/uploads\/2025\/10\/fa67eee84a236cd28922c243b247a4bdb757bcf9-768x510.jpg 768w\" sizes=\"auto, (max-width: 1440px) 100vw, 1440px\" \/><\/figure>\n<\/div>\n<\/div>\n<\/div><\/div>\n\n\n\n<p><\/p>\n","protected":false},"excerpt":{"rendered":"<p>Cont\u00e1ctanos y haz realidad tu proyecto inmobiliario. Estamos aqu\u00ed para resolver tus dudas y brindarte toda la informaci\u00f3n que necesitas sobre nuestras propiedades. Si no encontraste la propiedad que buscas en estos momentos, ponte en contacto con nosotros. Trabajamos con corredores asociados que pueden tener lo que andas buscando. \u00a1\u00a1Escr\u00edbenos y te ayudaremos!! @vyopropiedades +56 [&hellip;]<\/p>\n","protected":false},"author":1,"featured_media":0,"parent":0,"menu_order":0,"comment_status":"closed","ping_status":"closed","template":"","meta":{"footnotes":""},"class_list":["post-223","page","type-page","status-publish","hentry"],"_links":{"self":[{"href":"https:\/\/vyopropiedades.com\/home\/wp-json\/wp\/v2\/pages\/223","targetHints":{"allow":["GET"]}}],"collection":[{"href":"https:\/\/vyopropiedades.com\/home\/wp-json\/wp\/v2\/pages"}],"about":[{"href":"https:\/\/vyopropiedades.com\/home\/wp-json\/wp\/v2\/types\/page"}],"author":[{"embeddable":true,"href":"https:\/\/vyopropiedades.com\/home\/wp-json\/wp\/v2\/users\/1"}],"replies":[{"embeddable":true,"href":"https:\/\/vyopropiedades.com\/home\/wp-json\/wp\/v2\/comments?post=223"}],"version-history":[{"count":20,"href":"https:\/\/vyopropiedades.com\/home\/wp-json\/wp\/v2\/pages\/223\/revisions"}],"predecessor-version":[{"id":655,"href":"https:\/\/vyopropiedades.com\/home\/wp-json\/wp\/v2\/pages\/223\/revisions\/655"}],"wp:attachment":[{"href":"https:\/\/vyopropiedades.com\/home\/wp-json\/wp\/v2\/media?parent=223"}],"curies":[{"name":"wp","href":"https:\/\/api.w.org\/{rel}","templated":true}]}}